{"id":3,"date":"2020-10-11T12:19:46","date_gmt":"2020-10-11T10:19:46","guid":{"rendered":"http:\/\/website043.italix.eu\/?page_id=3"},"modified":"2024-01-30T17:49:54","modified_gmt":"2024-01-30T16:49:54","slug":"privacy-policy","status":"publish","type":"page","link":"https:\/\/nicoletti-dev.italix.org\/it\/privacy-policy\/","title":{"rendered":"Privacy Policy"},"content":{"rendered":"\t\t<div data-elementor-type=\"wp-page\" data-elementor-id=\"3\" class=\"elementor elementor-3\" data-elementor-settings=\"[]\">\n\t\t\t\t\t\t<div class=\"elementor-inner\">\n\t\t\t\t\t\t\t<div class=\"elementor-section-wrap\">\n\t\t\t\t\t\t\t<section class=\"elementor-section elementor-top-section elementor-element elementor-element-165a2f3d elementor-section-boxed elementor-section-height-default elementor-section-height-default\" data-id=\"165a2f3d\" data-element_type=\"section\">\n\t\t\t\t\t\t<div class=\"elementor-container elementor-column-gap-default\">\n\t\t\t\t\t\t\t<div class=\"elementor-row\">\n\t\t\t\t\t<div class=\"elementor-column elementor-col-100 elementor-top-column elementor-element elementor-element-5d2f651e\" data-id=\"5d2f651e\" data-element_type=\"column\">\n\t\t\t<div class=\"elementor-column-wrap elementor-element-populated\">\n\t\t\t\t\t\t\t<div class=\"elementor-widget-wrap\">\n\t\t\t\t\t\t<div class=\"elementor-element elementor-element-d0bdfa0 elementor-widget elementor-widget-heading\" data-id=\"d0bdfa0\" data-element_type=\"widget\" data-widget_type=\"heading.default\">\n\t\t\t\t<div class=\"elementor-widget-container\">\n\t\t\t<h1 class=\"elementor-heading-title elementor-size-default\">Privacy Policy<\/h1>\t\t<\/div>\n\t\t\t\t<\/div>\n\t\t\t\t<div class=\"elementor-element elementor-element-691ff572 elementor-widget elementor-widget-text-editor\" data-id=\"691ff572\" data-element_type=\"widget\" data-widget_type=\"text-editor.default\">\n\t\t\t\t<div class=\"elementor-widget-container\">\n\t\t\t\t\t\t\t\t<div class=\"elementor-text-editor elementor-clearfix\">\n\t\t\t\t\t<div style=\"text-align: justify;\"><p><strong>Privacy Policy del sito <a href=\"https:\/\/www.nicoletti.it\" target=\"_blank\" rel=\"noopener noreferrer\">https:\/\/www.nicoletti.it<\/a><\/strong><\/p><p>Gentile Visitatore, a seguito della consultazione di questo sito web possono essere trattati dati relativi a persone fisiche identificate o identificabili.<\/p><p>In riferimento a tale trattamento di dati si rendono, anche ai sensi dell&#8217;art. 13 del Regolamento generale europeo sulla protezione dei dati (Regolamento UE 2016\/679), le seguenti informazioni, la cui validit\u00e0 non \u00e8 estesa per eventuali altri siti web esterni consultati dall&#8217;utente tramite link presenti su questo sito.<\/p><p>Con la prosecuzione della navigazione, e con l\u2019adesione alle proposte di servizio contenute nelle varie parti del sito (iscrizione alla nostra newsletter, compilazione di form per richiedere informazioni,\u2026), si danno per acquisite queste informazioni generali sul trattamento, nonch\u00e9 le eventuali specifiche informazioni legate a trattamenti per finalit\u00e0 diverse e specifiche, e l\u2019utente esplicita il relativo consenso ai trattamenti. Si sottolinea che il consenso \u00e8 valido unicamente se proviene da persona maggiorenne o da minore che abbia compiuto i 14 anni (art. 8, commi 1 e 2 del GDPR, e D.lgs. 101\/2018 &#8211; * \u00e8 il decreto di adeguamento in base alla L. 163\/2017 ).<\/p><p><strong>TITOLARE DEL TRATTAMENTO<\/strong><\/p><p>TORNERIA NICOLETTI SRL,<\/p><p>con sede in Trissino (VI),<\/p><p>via Rovigo 7,<\/p><p>P.IVA \/ C.F. 00164970246;<\/p><p><strong>TIPI DI DATI TRATTATI<\/strong><\/p><p><strong>Dati di navigazione<\/strong><\/p><p>I sistemi informatici e le procedure software preposte al funzionamento di questo sito web acquisiscono, nel corso del loro normale esercizio, alcuni dati personali la cui trasmissione \u00e8 implicita nell&#8217;uso dei protocolli di comunicazione di Internet.<\/p><p>Si tratta di informazioni che non sono raccolte per essere associate a interessati identificati, ma che per loro stessa natura potrebbero, attraverso elaborazioni ed associazioni con dati detenuti da terzi, permettere di identificare gli utenti.<\/p><p>In questa categoria di dati rientrano, ad esempio, gli indirizzi IP o i nomi a dominio dei computer o degli altri strumenti utilizzati dagli utenti che si connettono al sito, gli indirizzi in notazione URI (Uniform Resource Identifier) delle risorse richieste, l&#8217;orario della richiesta, il metodo utilizzato nel sottoporre la richiesta al server, la dimensione del file ottenuto in risposta, il codice numerico indicante lo stato della risposta data dal server (buon fine, errore, ecc.) ed altri parametri relativi al sistema operativo e all&#8217;ambiente informatico dell&#8217;utente.<\/p><p>Questi dati vengono utilizzati al solo fine di ricavare informazioni statistiche anonime sull&#8217;uso del sito e per controllarne il corretto funzionamento e vengono cancellati immediatamente dopo l&#8217;elaborazione.<\/p><p><strong>Cookies<\/strong><\/p><p>Informativa sui cookies: <a href=\"https:\/\/www.nicoletti.it\/it\/cookie-policy-2\/\" target=\"_blank\" rel=\"noopener noreferrer\">https:\/\/www.nicoletti.it\/it\/cookie-policy-2\/<\/a><\/p><p>Dati forniti volontariamente dall&#8217;utente<\/p><p>L&#8217;invio facoltativo, esplicito e volontario di posta elettronica agli indirizzi indicati su questo sito comporta la successiva acquisizione dell&#8217;indirizzo del mittente, necessario per rispondere alle richieste, nonch\u00e9 degli eventuali altri dati personali inseriti nella missiva. Specifiche informative di sintesi vengono inoltre riportate o visualizzate nelle sezioni del sito predisposte per particolari servizi a richiesta e sottoposte, se del caso, al consenso dell\u2019interessato (ad esempio per l\u2019iscrizione alla newsletter).<\/p><p><strong>FINALITA\u2019 DEL TRATTAMENTO E FACOLTATIVITA&#8217; DEL CONFERIMENTO DEI DATI<\/strong><\/p><p>A parte quanto specificato per i dati di navigazione e per i cookies tecnici, l&#8217;utente \u00e8 libero di fornire i propri dati personali attraverso l\u2019utilizzo di appositi form o moduli presenti nel sito per richiedere l&#8217;invio della newsletter, di materiale informativo o di altre comunicazioni e, pi\u00f9 in generale, per le finalit\u00e0 riportate nelle relative e specifiche informative. Il loro mancato conferimento pu\u00f2 comportare l&#8217;impossibilit\u00e0 di ottenere quanto richiesto.<\/p><p><strong>MODALITA&#8217; DEL TRATTAMENTO<\/strong><\/p><p>La nostra Societ\u00e0, quale titolare del trattamento, e ciascuno degli eventuali Responsabili esterni come sopra identificati, gestir\u00e0 ed archivier\u00e0 con strumenti automatizzati e\/o cartacei i dati personali raccolti attraverso l\u2019utilizzo del sito e delle sue diverse funzionalit\u00e0 attivabili a richiesta dell\u2019utente, per il tempo strettamente necessario a conseguire gli scopi per cui sono stati raccolti o volontariamente comunicati dall\u2019utente.<\/p><p>Specifiche misure di sicurezza, come prevede l\u2019art. 32 del Regolamento (UE) 2016\/679, sono osservate per prevenire la perdita dei dati, usi illeciti o non corretti ed accessi non autorizzati.<\/p><p>I dati vengono gestiti solo da personale autorizzato dal titolare del trattamento; in caso di necessit\u00e0, i dati personali connessi ai servizi legati al sito internet possono essere trattati dal personale della societ\u00e0 che cura la manutenzione tecnica del sito, Italix Sas di Andrea Sivieri e soci, nominata responsabile esterno del trattamento ai sensi dell&#8217;articolo 28 del Regolamento 679. In nessun caso i dati saranno oggetto di diffusione. Sui predetti dati non \u00e8 prevista attivit\u00e0 di profilazione personale dell\u2019utente.<\/p><p><strong>DIRITTI DEGLI INTERESSATI<\/strong><\/p><p>Ai soggetti cui si riferiscono i dati personali trattati sono garantiti tutti i diritti di cui agli articoli 15, 16, 17, 18 del Regolamento 679 (accesso con conferma dell&#8217;esistenza o meno del trattamento dei propri dati; rettifica, cancellazione e limitazione del trattamento quando ne ricorrano i casi).<\/p><p>L\u2019utente interessato ha il diritto di opporsi in ogni caso, per motivi legittimi, al loro trattamento.<\/p><p>Le richieste vanno rivolte:<\/p><p>&#8211; via e-mail, all&#8217;indirizzo: <a href=\"mailto:info@nicoletti.it\" target=\"_blank\" rel=\"noopener noreferrer\">info@nicoletti.it<\/a> \u00a0<\/p><p>&#8211; oppure via posta, a: Torneria Nicoletti Srl &#8211; via Rovigo 7 &#8211; 36070 Trissino (VI)<\/p><\/div>\t\t\t\t\t<\/div>\n\t\t\t\t\t\t<\/div>\n\t\t\t\t<\/div>\n\t\t\t\t\t\t<\/div>\n\t\t\t\t\t<\/div>\n\t\t<\/div>\n\t\t\t\t\t\t\t\t<\/div>\n\t\t\t\t\t<\/div>\n\t\t<\/section>\n\t\t\t\t\t\t<\/div>\n\t\t\t\t\t\t<\/div>\n\t\t\t\t\t<\/div>\n\t\t","protected":false},"excerpt":{"rendered":"<p>Privacy Policy Privacy Policy del sito https:\/\/nicoletti-dev.italix.org Gentile Visitatore, a seguito della consultazione di questo sito web possono essere trattati dati relativi a persone fisiche identificate o identificabili. In riferimento a tale trattamento di dati si rendono, anche ai sensi dell&#8217;art. 13 del Regolamento generale europeo sulla protezione dei dati (Regolamento UE 2016\/679), le seguenti&hellip;<\/p>\n","protected":false},"author":1,"featured_media":0,"parent":0,"menu_order":0,"comment_status":"closed","ping_status":"open","template":"elementor_header_footer","meta":{"_acf_changed":false,"wpupg_custom_link":[],"wpupg_custom_link_behaviour":["default"],"wpupg_custom_link_nofollow":[],"wpupg_custom_image":[],"wpupg_custom_image_id":[],"footnotes":""},"class_list":["post-3","page","type-page","status-publish","hentry"],"acf":[],"aioseo_notices":[],"_links":{"self":[{"href":"https:\/\/nicoletti-dev.italix.org\/it\/wp-json\/wp\/v2\/pages\/3","targetHints":{"allow":["GET"]}}],"collection":[{"href":"https:\/\/nicoletti-dev.italix.org\/it\/wp-json\/wp\/v2\/pages"}],"about":[{"href":"https:\/\/nicoletti-dev.italix.org\/it\/wp-json\/wp\/v2\/types\/page"}],"author":[{"embeddable":true,"href":"https:\/\/nicoletti-dev.italix.org\/it\/wp-json\/wp\/v2\/users\/1"}],"replies":[{"embeddable":true,"href":"https:\/\/nicoletti-dev.italix.org\/it\/wp-json\/wp\/v2\/comments?post=3"}],"version-history":[{"count":50,"href":"https:\/\/nicoletti-dev.italix.org\/it\/wp-json\/wp\/v2\/pages\/3\/revisions"}],"predecessor-version":[{"id":4160,"href":"https:\/\/nicoletti-dev.italix.org\/it\/wp-json\/wp\/v2\/pages\/3\/revisions\/4160"}],"wp:attachment":[{"href":"https:\/\/nicoletti-dev.italix.org\/it\/wp-json\/wp\/v2\/media?parent=3"}],"curies":[{"name":"wp","href":"https:\/\/api.w.org\/{rel}","templated":true}]}}