{"id":1459,"date":"2020-11-25T19:48:46","date_gmt":"2020-11-25T18:48:46","guid":{"rendered":"https:\/\/website048.italix.eu\/?page_id=1459"},"modified":"2025-04-04T10:10:04","modified_gmt":"2025-04-04T08:10:04","slug":"certificazioni","status":"publish","type":"page","link":"https:\/\/nicoletti-dev.italix.org\/it\/certificazioni\/","title":{"rendered":"Certificazioni"},"content":{"rendered":"\t\t<div data-elementor-type=\"wp-page\" data-elementor-id=\"1459\" class=\"elementor elementor-1459\" data-elementor-settings=\"[]\">\n\t\t\t\t\t\t<div class=\"elementor-inner\">\n\t\t\t\t\t\t\t<div class=\"elementor-section-wrap\">\n\t\t\t\t\t\t\t<section class=\"elementor-section elementor-top-section elementor-element elementor-element-9d252c6 elementor-section-full_width elementor-section-height-default elementor-section-height-default\" data-id=\"9d252c6\" data-element_type=\"section\">\n\t\t\t\t\t\t<div class=\"elementor-container elementor-column-gap-default\">\n\t\t\t\t\t\t\t<div class=\"elementor-row\">\n\t\t\t\t\t<div class=\"elementor-column elementor-col-100 elementor-top-column elementor-element elementor-element-105a73d\" data-id=\"105a73d\" data-element_type=\"column\">\n\t\t\t<div class=\"elementor-column-wrap elementor-element-populated\">\n\t\t\t\t\t\t\t<div class=\"elementor-widget-wrap\">\n\t\t\t\t\t\t<div class=\"elementor-element elementor-element-959ead0 elementor-widget elementor-widget-shortcode\" data-id=\"959ead0\" data-element_type=\"widget\" data-widget_type=\"shortcode.default\">\n\t\t\t\t<div class=\"elementor-widget-container\">\n\t\t\t\t\t<div class=\"elementor-shortcode\">\n    <style>\n        div.tn-cover-wrapper {\n            width: 100%;\n            padding-bottom: 25%;\n            \/* 4:1 16:4 *\/\n            position: relative;\n            \/* background: blue; *\/\n        }\n\n        @media (max-width:480px) {\n            div.tn-cover-wrapper {\n                padding-bottom: 50%;\n                \/* 2:1 ? *\/\n            }\n\n            div.tn-cover-fg h1 {\n                padding-top: 5vw;\n                font-family: 'Playfair Display', serif;\n                font-size: 7.5vw;\n                line-height: 8.5vw;\n            }\n\n            div.tn-cover-fg h1.tn-border {\n                padding-bottom: 2.5vw;\n            }\n\n            div.tn-cover-fg h2 span {\n                padding-top: 2.3vw;\n\n                font-family: 'Playfair Display', serif;\n                font-size: 4.8vw;\n                line-height: 4.8vw;\n                \/* border-top:solid 1px black; *\/\n            }\n        }\n\n        @media (min-width:481px) and (max-width:1320px) {\n            div.tn-cover-wrapper {\n                padding-bottom: 50%;\n                \/* 2:1 ? *\/\n            }\n\n            div.tn-cover-fg {\n                padding-left: 8%;\n                padding-right: 8%;\n            }\n\n            div.tn-cover-fg h1 {\n                padding-top: 4vw;\n                padding-bottom: 1vw;\n                font-family: 'Playfair Display', serif;\n                font-size: 6vw;\n                line-height: 7vw;\n            }\n\n            div.tn-cover-fg h2 span {\n                display: inline-block;\n                padding-top: 1vw;\n                font-family: 'Playfair Display', serif;\n                font-size: 3.6vw;\n                line-height: 5.0vw;\n                \/* border-top:solid 1px black; *\/\n            }\n        }\n\n        @media (min-width:1321px) {\n            div.tn-cover-wrapper {\n                \/* padding-bottom:50%; *\/\n                \/* 2:1 ? *\/\n            }\n\n            div.tn-cover-fg {\n                max-width: 1280px;\n                \/* padding-left:8%;\n        padding-right:8%; *\/\n                margin: 0 auto;\n            }\n\n            div.tn-cover-fg h1 {\n                padding-top: 52.8px;\n                padding-bottom: 13.2px;\n                font-family: 'Playfair Display', serif;\n                font-size: 79.2px;\n                line-height: 92.4px;\n            }\n\n            div.tn-cover-fg h2 span {\n                display: inline-block;\n                padding-top: 13.2px;\n                font-family: 'Playfair Display', serif;\n                font-size: 47.52px;\n                line-height: 66px;\n                \/* border-top:solid 1px black; *\/\n            }\n\n        }\n\n        div.tn-cover-wrapper>div {\n            position: absolute;\n            top: 0;\n            bottom: 0;\n            left: 0;\n            right: 0;\n\n            color: white;\n            font-size: 24px;\n            text-align: center;\n        }\n\n        .tn-max-box-1320 {\n            max-width: 1320px;\n            margin: 0 auto;\n        }\n\n        .tn-cover-fg {\n            \/*    margin-top: 6vw; *\/\n        }\n\n        h1.tn-border {\n            width: 80%;\n            border-bottom: solid 1px #000;\n        }\n\n        h2.tn-no-border {\n            border-top: solid 0px #000;\n        }\n    <\/style>\n\n\n    <div style=\"\" class=\"tn-cover-wrapper tn-subtitle\">\n        <div style=\"background-size:cover;background-position:50% 50%;background-image:url('https:\/\/www.nicoletti.it\/wp-content\/uploads\/2021\/02\/torneria-nicoletti-cover-background-1824.jpg');\">\n\n            <!-- <div class=\"relative h-full\"> -->\n\n\n            <div style=\"position:relative;top:50%;transform: translateY(-50%);border:solid 0px green;height: 60%;\" class=\"tn-max-box-1320\">\n\n                <div class=\"flex tn-cover-fg h-full\">\n                    <div class=\"flex-none h-full w-1\/4 p-2 relative tn-cover-fg-left\" style=\"border:solid 0px red;text-align:center; \">\n\n                        <img decoding=\"async\" class=\"h-full absolute\" style=\"\" src=\"https:\/\/www.nicoletti.it\/wp-content\/uploads\/2021\/02\/torneria-nicoletti-logo.png\" \/>\n\n                    <\/div>\n                    <div class=\"flex-1 h-full tn-cover-fg-right\" style=\"border:solid 0px blue;\">\n\n                        <h1 style=\"font-family:'Playfair Display',serif;color:black;display:inline-block;width:85%;\" class=\"tn-border\">Certificazioni<\/h1>\n\n                        <h2 style=\"color:black;text-align:center;\" class=\"tn-no-border\"><span style=\"display:block;\">qualit\u00e0 | ambiente | sicurezza<\/span><\/h2>\n\n                    <\/div>\n                <\/div>\n\n            <\/div>\n\n\n            <!-- <\/div> -->\n\n        <\/div>\n    <\/div>\n\n\n\n\n\n<\/div>\n\t\t\t\t<\/div>\n\t\t\t\t<\/div>\n\t\t\t\t<div class=\"elementor-element elementor-element-f140e70 ix-hide elementor-widget elementor-widget-image\" data-id=\"f140e70\" data-element_type=\"widget\" data-widget_type=\"image.default\">\n\t\t\t\t<div class=\"elementor-widget-container\">\n\t\t\t\t\t\t\t\t<div class=\"elementor-image\">\n\t\t\t\t\t\t\t\t\t\t\t\t<img decoding=\"async\" src=\"https:\/\/nicoletti-dev.italix.org\/wp-content\/uploads\/2021\/01\/NICOLETTI-certificazioni-COVER-v03-stretta-scaled.jpg\" title=\"NICOLETTI-certificazioni-COVER-v03 &#8211; stretta\" alt=\"NICOLETTI-certificazioni-COVER-v03 - stretta\" \/>\t\t\t\t\t\t\t\t\t\t\t\t\t\t<\/div>\n\t\t\t\t\t\t<\/div>\n\t\t\t\t<\/div>\n\t\t\t\t\t\t<\/div>\n\t\t\t\t\t<\/div>\n\t\t<\/div>\n\t\t\t\t\t\t\t\t<\/div>\n\t\t\t\t\t<\/div>\n\t\t<\/section>\n\t\t\t\t<section class=\"elementor-section elementor-top-section elementor-element elementor-element-4936fe3 elementor-section-boxed elementor-section-height-default elementor-section-height-default\" data-id=\"4936fe3\" data-element_type=\"section\">\n\t\t\t\t\t\t\t<div class=\"elementor-background-overlay\"><\/div>\n\t\t\t\t\t\t\t<div class=\"elementor-container elementor-column-gap-default\">\n\t\t\t\t\t\t\t<div class=\"elementor-row\">\n\t\t\t\t\t<div class=\"elementor-column elementor-col-100 elementor-top-column elementor-element elementor-element-16a4366\" data-id=\"16a4366\" data-element_type=\"column\">\n\t\t\t<div class=\"elementor-column-wrap elementor-element-populated\">\n\t\t\t\t\t\t\t<div class=\"elementor-widget-wrap\">\n\t\t\t\t\t\t<div class=\"elementor-element elementor-element-140966d elementor-widget elementor-widget-text-editor\" data-id=\"140966d\" data-element_type=\"widget\" data-widget_type=\"text-editor.default\">\n\t\t\t\t<div class=\"elementor-widget-container\">\n\t\t\t\t\t\t\t\t<div class=\"elementor-text-editor elementor-clearfix\">\n\t\t\t\t\t<p>TORNERIA NICOLETTI \u00e8 particolarmente sensibile alle esigenze del mercato e ritiene di fondamentale importanza la soddisfazione del cliente attraverso l&#8217;adozione di una <b>corretta politica di assicurazione<\/b> e <b>controllo dei sistemi integrati<\/b> (qualit\u00e0 &#8211; sicurezza &amp; ambiente). Proprio per questo l&#8217;azienda si \u00e8 dotata di un sistema di gestione integrato certificato&nbsp;<span style=\"color: var( --e-global-color-text ); background-color: rgb(255, 255, 255);\">UNI EN ISO 9001:2015,<\/span><span style=\"color: var( --e-global-color-text ); background-color: rgb(255, 255, 255);\">&nbsp;<\/span><span style=\"color: var( --e-global-color-text ); background-color: rgb(255, 255, 255);\">UNI EN ISO 14001:2015 e&nbsp;<\/span><span style=\"background-color: rgb(255, 255, 255); color: var( --e-global-color-text );\">UNI EN ISO 45001:2018.<\/span><\/p>\n<p><span style=\"background-color: rgb(255, 255, 255); color: var( --e-global-color-text );\"><br><\/span><\/p>\n<p>In particolare gli <b>obiettivi <\/b>che si prefigge la direzione sono:<\/p>\n<ul>\n<li>fornitura di prodotti con percentuale di difettosit\u00e0 &#8220;tendente a zero&#8221;<\/li>\n<li>costruzione di particolari che soddisfino esigenze ben definite di impiego con particolare cura dell\u2019estetica e della funzionalit\u00e0<\/li>\n<li>riduzione dei costi della non qualit\u00e0<\/li>\n<li>ottimizzazione dei tempi di fornitura<\/li>\n<li>coinvolgere tutta la struttura aziendale, ognuno per i propri ruoli e competenze, al raggiungimento degli obiettivi di sicurezza mediante un efficace risk-assessment, affinch\u00e9 la gestione aziendale sia improntata a prevenire incidenti, infortuni e malattie professionali<\/li>\n<li>l&#8217;attuazione di una filosofia rivolta al miglioramento continuo delle prestazioni ambientali e della prevenzione dell&#8217;inquinamento.\n<\/li>\n<\/ul>\t\t\t\t\t<\/div>\n\t\t\t\t\t\t<\/div>\n\t\t\t\t<\/div>\n\t\t\t\t\t\t<\/div>\n\t\t\t\t\t<\/div>\n\t\t<\/div>\n\t\t\t\t\t\t\t\t<\/div>\n\t\t\t\t\t<\/div>\n\t\t<\/section>\n\t\t\t\t<section class=\"elementor-section elementor-top-section elementor-element elementor-element-5306b66 tn-certificates-row elementor-section-boxed elementor-section-height-default elementor-section-height-default\" data-id=\"5306b66\" data-element_type=\"section\" data-settings=\"{&quot;background_background&quot;:&quot;classic&quot;}\">\n\t\t\t\t\t\t<div class=\"elementor-container elementor-column-gap-default\">\n\t\t\t\t\t\t\t<div class=\"elementor-row\">\n\t\t\t\t\t<div class=\"elementor-column elementor-col-33 elementor-top-column elementor-element elementor-element-b1377d8\" data-id=\"b1377d8\" data-element_type=\"column\">\n\t\t\t<div class=\"elementor-column-wrap elementor-element-populated\">\n\t\t\t\t\t\t\t<div class=\"elementor-widget-wrap\">\n\t\t\t\t\t\t<div class=\"elementor-element elementor-element-0277c5c elementor-widget elementor-widget-html\" data-id=\"0277c5c\" data-element_type=\"widget\" data-widget_type=\"html.default\">\n\t\t\t\t<div class=\"elementor-widget-container\">\n\t\t\t<a href=\"https:\/\/www.nicoletti.it\/wp-content\/uploads\/2025\/04\/ISO-9001-CERT-01357-96-AQ-VEN-SINCERT-8-it-IT-20250303.pdf\" rel=\"noopener\" target=\"_blank\"><img decoding=\"async\" alt=\"\" src=\"https:\/\/www.nicoletti.it\/wp-content\/uploads\/2025\/04\/ISO-9001-CERT-01357-96-AQ-VEN-SINCERT-8-it-IT-20250303.jpg\"><\/a>\t\t<\/div>\n\t\t\t\t<\/div>\n\t\t\t\t\t\t<\/div>\n\t\t\t\t\t<\/div>\n\t\t<\/div>\n\t\t\t\t<div class=\"elementor-column elementor-col-33 elementor-top-column elementor-element elementor-element-1481770\" data-id=\"1481770\" data-element_type=\"column\">\n\t\t\t<div class=\"elementor-column-wrap elementor-element-populated\">\n\t\t\t\t\t\t\t<div class=\"elementor-widget-wrap\">\n\t\t\t\t\t\t<div class=\"elementor-element elementor-element-8f8522f elementor-widget elementor-widget-html\" data-id=\"8f8522f\" data-element_type=\"widget\" data-widget_type=\"html.default\">\n\t\t\t\t<div class=\"elementor-widget-container\">\n\t\t\t<a href=\"https:\/\/www.nicoletti.it\/wp-content\/uploads\/2025\/04\/ISO_14001-ITA-277593-2018-AE-ITA-ACCREDIA-3-20250303.pdf\" rel=\"noopener\" target=\"_blank\"><img decoding=\"async\" alt=\"\" src=\"https:\/\/www.nicoletti.it\/wp-content\/uploads\/2025\/04\/ISO_14001-ITA-277593-2018-AE-ITA-ACCREDIA-3-20250303.jpg\"><\/a>\t\t<\/div>\n\t\t\t\t<\/div>\n\t\t\t\t\t\t<\/div>\n\t\t\t\t\t<\/div>\n\t\t<\/div>\n\t\t\t\t<div class=\"elementor-column elementor-col-33 elementor-top-column elementor-element elementor-element-f1dc52a\" data-id=\"f1dc52a\" data-element_type=\"column\">\n\t\t\t<div class=\"elementor-column-wrap elementor-element-populated\">\n\t\t\t\t\t\t\t<div class=\"elementor-widget-wrap\">\n\t\t\t\t\t\t<div class=\"elementor-element elementor-element-9e76602 elementor-widget elementor-widget-html\" data-id=\"9e76602\" data-element_type=\"widget\" data-widget_type=\"html.default\">\n\t\t\t\t<div class=\"elementor-widget-container\">\n\t\t\t<a href=\"https:\/\/www.nicoletti.it\/wp-content\/uploads\/2025\/04\/ISO-45001-131931-2013-AHSO-ITA-ACCREDIA-6-it-IT-20250401.pdf\" rel=\"noopener\" target=\"_blank\"><img decoding=\"async\" alt=\"\" src=\"https:\/\/www.nicoletti.it\/wp-content\/uploads\/2025\/04\/ISO-45001-131931-2013-AHSO-ITA-ACCREDIA-6-it-IT-20250401.jpg\"><\/a>\t\t<\/div>\n\t\t\t\t<\/div>\n\t\t\t\t\t\t<\/div>\n\t\t\t\t\t<\/div>\n\t\t<\/div>\n\t\t\t\t\t\t\t\t<\/div>\n\t\t\t\t\t<\/div>\n\t\t<\/section>\n\t\t\t\t<section class=\"elementor-section elementor-top-section elementor-element elementor-element-6dff6ab tn-certificates-row elementor-section-boxed elementor-section-height-default elementor-section-height-default\" data-id=\"6dff6ab\" data-element_type=\"section\" data-settings=\"{&quot;background_background&quot;:&quot;classic&quot;}\">\n\t\t\t\t\t\t<div class=\"elementor-container elementor-column-gap-default\">\n\t\t\t\t\t\t\t<div class=\"elementor-row\">\n\t\t\t\t\t<div class=\"elementor-column elementor-col-33 elementor-top-column elementor-element elementor-element-50197fb\" data-id=\"50197fb\" data-element_type=\"column\">\n\t\t\t<div class=\"elementor-column-wrap elementor-element-populated\">\n\t\t\t\t\t\t\t<div class=\"elementor-widget-wrap\">\n\t\t\t\t\t\t<div class=\"elementor-element elementor-element-236d4fe elementor-widget elementor-widget-html\" data-id=\"236d4fe\" data-element_type=\"widget\" data-widget_type=\"html.default\">\n\t\t\t\t<div class=\"elementor-widget-container\">\n\t\t\t<a href=\"https:\/\/www.nicoletti.it\/wp-content\/uploads\/2024\/04\/politica-integrata-qualita-ambiente-e-sicurezza-Rev_1.pdf\" rel=\"noopener\" target=\"_blank\"><img decoding=\"async\" alt=\"\" src=\"https:\/\/www.nicoletti.it\/wp-content\/uploads\/2024\/04\/politica-integrata-qualita-ambiente-e-sicurezza-Rev_1.jpg\"><\/a>\t\t<\/div>\n\t\t\t\t<\/div>\n\t\t\t\t\t\t<\/div>\n\t\t\t\t\t<\/div>\n\t\t<\/div>\n\t\t\t\t<div class=\"elementor-column elementor-col-33 elementor-top-column elementor-element elementor-element-973e9c4\" data-id=\"973e9c4\" data-element_type=\"column\">\n\t\t\t<div class=\"elementor-column-wrap elementor-element-populated\">\n\t\t\t\t\t\t\t<div class=\"elementor-widget-wrap\">\n\t\t\t\t\t\t<div class=\"elementor-element elementor-element-8ef0228 elementor-widget elementor-widget-html\" data-id=\"8ef0228\" data-element_type=\"widget\" data-widget_type=\"html.default\">\n\t\t\t\t<div class=\"elementor-widget-container\">\n\t\t\t<a href=\"https:\/\/www.nicoletti.it\/wp-content\/uploads\/2024\/04\/politica-integrata-qualita-ambiente-e-sicurezza-Rev_1.pdf\" rel=\"noopener\" target=\"_blank\"><img decoding=\"async\" alt=\"\" src=\"https:\/\/www.nicoletti.it\/wp-content\/uploads\/2024\/04\/politica-integrata-qualita-ambiente-e-sicurezza-Rev_1.jpg\"><\/a>\t\t<\/div>\n\t\t\t\t<\/div>\n\t\t\t\t\t\t<\/div>\n\t\t\t\t\t<\/div>\n\t\t<\/div>\n\t\t\t\t<div class=\"elementor-column elementor-col-33 elementor-top-column elementor-element elementor-element-447fab0\" data-id=\"447fab0\" data-element_type=\"column\">\n\t\t\t<div class=\"elementor-column-wrap elementor-element-populated\">\n\t\t\t\t\t\t\t<div class=\"elementor-widget-wrap\">\n\t\t\t\t\t\t<div class=\"elementor-element elementor-element-ef4fdd1 tn-certificates-row elementor-widget elementor-widget-html\" data-id=\"ef4fdd1\" data-element_type=\"widget\" data-widget_type=\"html.default\">\n\t\t\t\t<div class=\"elementor-widget-container\">\n\t\t\t<a href=\"https:\/\/www.nicoletti.it\/wp-content\/uploads\/2023\/12\/Politica-sostenibilita-Rev-0_compressed.pdf\" rel=\"noopener\" target=\"_blank\"><img decoding=\"async\" alt=\"\" src=\"https:\/\/www.nicoletti.it\/wp-content\/uploads\/2023\/12\/Politica-sostenibilita-Rev-0_compressed.jpg\"><\/a>\t\t<\/div>\n\t\t\t\t<\/div>\n\t\t\t\t\t\t<\/div>\n\t\t\t\t\t<\/div>\n\t\t<\/div>\n\t\t\t\t\t\t\t\t<\/div>\n\t\t\t\t\t<\/div>\n\t\t<\/section>\n\t\t\t\t<section class=\"elementor-section elementor-top-section elementor-element elementor-element-249db80 elementor-section-boxed elementor-section-height-default elementor-section-height-default\" data-id=\"249db80\" data-element_type=\"section\">\n\t\t\t\t\t\t\t<div class=\"elementor-background-overlay\"><\/div>\n\t\t\t\t\t\t\t<div class=\"elementor-container elementor-column-gap-default\">\n\t\t\t\t\t\t\t<div class=\"elementor-row\">\n\t\t\t\t\t<div class=\"elementor-column elementor-col-100 elementor-top-column elementor-element elementor-element-8a7e08c\" data-id=\"8a7e08c\" data-element_type=\"column\">\n\t\t\t<div class=\"elementor-column-wrap elementor-element-populated\">\n\t\t\t\t\t\t\t<div class=\"elementor-widget-wrap\">\n\t\t\t\t\t\t<div class=\"elementor-element elementor-element-7eafc1a elementor-widget elementor-widget-text-editor\" data-id=\"7eafc1a\" data-element_type=\"widget\" data-widget_type=\"text-editor.default\">\n\t\t\t\t<div class=\"elementor-widget-container\">\n\t\t\t\t\t\t\t\t<div class=\"elementor-text-editor elementor-clearfix\">\n\t\t\t\t\t<p><strong>Per il raggiungimento di questi obiettivi, l\u2019azienda \u00e8 impegnata in un costante miglioramento della propria organizzazione ed in continui studi per il perfezionamento dei cicli produttivi di fabbricazione e di controllo.<br \/><br \/><\/strong><\/p><p>Ed \u00e8 proprio in seguito a questa mentalit\u00e0 che nel dicembre del 1996 il Sistema Qualit\u00e0 Aziendale della TORNERIA NICOLETTI \u00e8 stato certificato dal <strong>Det Norske Veritas<\/strong> secondo la normativa<strong> UNI EN ISO 9002<\/strong> e successivamente, nel novembre del 2017, aggiornata al nuovo standard <strong>UNI EN ISO 9001:2015<\/strong>.<br \/><br \/><\/p><p>La Torneria Nicoletti ha ottenuto inoltre la certificazione secondo lo standard <strong>BS OHSAS 18001:2007<\/strong> nel Febbraio 2013 e successivamente, nel Febbraio 2019, grazie ad un audit integrato la migrazione alla <strong>UNI EN ISO 45001:2018<\/strong> (nuovo standard ISO in materia di salute e sicurezza nei luoghi di lavoro) e la nuova certificazione<strong> UNI EN ISO 14001:2015<\/strong> riguardo il proprio sistema di gestione ambientale.<br \/><br \/><\/p><p><strong>STRUMENTI E ATTREZZATURE PER LA GESTIONE DELLA QUALIT\u00c0 AZIENDALE<br \/><br \/><\/strong><\/p><ul><li>Software per il controllo statistico di processo, in rete su numerose stazioni ubicate nei reparti produttivi<\/li><li>Software per la gestione della strumentazione di misura<\/li><li>Software per la gestione del sistema qualit\u00e0<\/li><li>Proiettore di profili<\/li><li>Rugosimetro<\/li><li>Rotondimetro<\/li><li>Macchina di misura tridimensionale<\/li><li>Telecamera microscopio<\/li><li>Profilometro-Rugosimetro CNC con 4 Assi Automatici<\/li><li>Macchina di misura ottica per la produzione<\/li><\/ul>\t\t\t\t\t<\/div>\n\t\t\t\t\t\t<\/div>\n\t\t\t\t<\/div>\n\t\t\t\t\t\t<\/div>\n\t\t\t\t\t<\/div>\n\t\t<\/div>\n\t\t\t\t\t\t\t\t<\/div>\n\t\t\t\t\t<\/div>\n\t\t<\/section>\n\t\t\t\t<section class=\"elementor-section elementor-top-section elementor-element elementor-element-1cbcee9 elementor-section-boxed elementor-section-height-default elementor-section-height-default\" data-id=\"1cbcee9\" data-element_type=\"section\">\n\t\t\t\t\t\t<div class=\"elementor-container elementor-column-gap-default\">\n\t\t\t\t\t\t\t<div class=\"elementor-row\">\n\t\t\t\t\t<div class=\"elementor-column elementor-col-100 elementor-top-column elementor-element elementor-element-10ecca2\" data-id=\"10ecca2\" data-element_type=\"column\">\n\t\t\t<div class=\"elementor-column-wrap\">\n\t\t\t\t\t\t\t<div class=\"elementor-widget-wrap\">\n\t\t\t\t\t\t\t\t<\/div>\n\t\t\t\t\t<\/div>\n\t\t<\/div>\n\t\t\t\t\t\t\t\t<\/div>\n\t\t\t\t\t<\/div>\n\t\t<\/section>\n\t\t\t\t\t\t<\/div>\n\t\t\t\t\t\t<\/div>\n\t\t\t\t\t<\/div>\n\t\t","protected":false},"excerpt":{"rendered":"<p>TORNERIA NICOLETTI \u00e8 particolarmente sensibile alle esigenze del mercato e ritiene di fondamentale importanza la soddisfazione del cliente attraverso l&#8217;adozione di una corretta politica di assicurazione e controllo dei sistemi integrati (qualit\u00e0 &#8211; sicurezza &amp; ambiente). Proprio per questo l&#8217;azienda si \u00e8 dotata di un sistema di gestione integrato certificato&nbsp;UNI EN ISO 9001:2015,&nbsp;UNI EN ISO&hellip;<\/p>\n","protected":false},"author":1,"featured_media":0,"parent":0,"menu_order":0,"comment_status":"closed","ping_status":"closed","template":"elementor_header_footer","meta":{"_acf_changed":false,"wpupg_custom_link":[],"wpupg_custom_link_behaviour":["default"],"wpupg_custom_link_nofollow":[],"wpupg_custom_image":[],"wpupg_custom_image_id":[],"footnotes":""},"class_list":["post-1459","page","type-page","status-publish","hentry"],"acf":[],"aioseo_notices":[],"_links":{"self":[{"href":"https:\/\/nicoletti-dev.italix.org\/it\/wp-json\/wp\/v2\/pages\/1459","targetHints":{"allow":["GET"]}}],"collection":[{"href":"https:\/\/nicoletti-dev.italix.org\/it\/wp-json\/wp\/v2\/pages"}],"about":[{"href":"https:\/\/nicoletti-dev.italix.org\/it\/wp-json\/wp\/v2\/types\/page"}],"author":[{"embeddable":true,"href":"https:\/\/nicoletti-dev.italix.org\/it\/wp-json\/wp\/v2\/users\/1"}],"replies":[{"embeddable":true,"href":"https:\/\/nicoletti-dev.italix.org\/it\/wp-json\/wp\/v2\/comments?post=1459"}],"version-history":[{"count":284,"href":"https:\/\/nicoletti-dev.italix.org\/it\/wp-json\/wp\/v2\/pages\/1459\/revisions"}],"predecessor-version":[{"id":4839,"href":"https:\/\/nicoletti-dev.italix.org\/it\/wp-json\/wp\/v2\/pages\/1459\/revisions\/4839"}],"wp:attachment":[{"href":"https:\/\/nicoletti-dev.italix.org\/it\/wp-json\/wp\/v2\/media?parent=1459"}],"curies":[{"name":"wp","href":"https:\/\/api.w.org\/{rel}","templated":true}]}}